{"id":9983,"date":"2017-07-06T15:13:48","date_gmt":"2017-07-06T20:13:48","guid":{"rendered":"https:\/\/austinlabiaplasty.com\/nuestras-instalaciones\/"},"modified":"2025-11-25T07:23:02","modified_gmt":"2025-11-25T13:23:02","slug":"nuestras-instalaciones","status":"publish","type":"page","link":"https:\/\/austinlabiaplasty.com\/es\/nuestras-instalaciones\/","title":{"rendered":"Nuestras instalaciones"},"content":{"rendered":"","protected":false},"excerpt":{"rendered":"","protected":false},"author":1,"featured_media":0,"parent":0,"menu_order":0,"comment_status":"closed","ping_status":"closed","template":"","meta":{"_acf_changed":false,"inline_featured_image":false,"footnotes":""},"class_list":["post-9983","page","type-page","status-publish","hentry"],"acf":[],"yoast_head":"<!-- This site is optimized with the Yoast SEO plugin v26.9 - https:\/\/yoast.com\/product\/yoast-seo-wordpress\/ -->\n<title>Nuestras instalaciones<\/title>\n<meta name=\"description\" content=\"Las instalaciones de ALVR ofrecen a los clientes las comodidades que no pueden ofrecer los hospitales. Nuestras instalaciones ofrecen habitaciones limpias y modernas en un entorno relajante. Los pacientes pueden recuperarse en su propio domicilio inmediatamente despu\u00e9s de la intervenci\u00f3n. Ll\u00e1menos y programe su cirug\u00eda de rejuvenecimiento vaginal o labioplastia al (512) 973-8276.\" \/>\n<meta name=\"robots\" content=\"index, follow, max-snippet:-1, max-image-preview:large, max-video-preview:-1\" \/>\n<link rel=\"canonical\" href=\"https:\/\/austinlabiaplasty.com\/es\/nuestras-instalaciones\/\" \/>\n<meta property=\"og:locale\" content=\"es_ES\" \/>\n<meta property=\"og:type\" content=\"article\" \/>\n<meta property=\"og:title\" content=\"Nuestras instalaciones\" \/>\n<meta property=\"og:description\" content=\"Las instalaciones de ALVR ofrecen a los clientes las comodidades que no pueden ofrecer los hospitales. Nuestras instalaciones ofrecen habitaciones limpias y modernas en un entorno relajante. Los pacientes pueden recuperarse en su propio domicilio inmediatamente despu\u00e9s de la intervenci\u00f3n. Ll\u00e1menos y programe su cirug\u00eda de rejuvenecimiento vaginal o labioplastia al (512) 973-8276.\" \/>\n<meta property=\"og:url\" content=\"https:\/\/austinlabiaplasty.com\/es\/nuestras-instalaciones\/\" \/>\n<meta property=\"og:site_name\" content=\"Austin Labiaplasty &amp; Vaginal Rejuvenation\" \/>\n<meta property=\"article:publisher\" content=\"https:\/\/www.facebook.com\/ALVRATX\/\" \/>\n<meta property=\"article:modified_time\" content=\"2025-11-25T13:23:02+00:00\" \/>\n<meta property=\"og:image\" content=\"https:\/\/austinlabiaplasty.com\/wp-content\/uploads\/2025\/03\/share.jpg\" \/>\n\t<meta property=\"og:image:width\" content=\"500\" \/>\n\t<meta property=\"og:image:height\" content=\"300\" \/>\n\t<meta property=\"og:image:type\" content=\"image\/jpeg\" \/>\n<meta name=\"twitter:card\" content=\"summary_large_image\" \/>\n<meta name=\"twitter:site\" content=\"@a_urogynecology\" \/>\n<script type=\"application\/ld+json\" class=\"yoast-schema-graph\">{\"@context\":\"https:\/\/schema.org\",\"@graph\":[{\"@type\":\"WebPage\",\"@id\":\"https:\/\/austinlabiaplasty.com\/es\/nuestras-instalaciones\/\",\"url\":\"https:\/\/austinlabiaplasty.com\/es\/nuestras-instalaciones\/\",\"name\":\"Nuestras instalaciones\",\"isPartOf\":{\"@id\":\"https:\/\/austinlabiaplasty.com\/es\/#website\"},\"datePublished\":\"2017-07-06T20:13:48+00:00\",\"dateModified\":\"2025-11-25T13:23:02+00:00\",\"description\":\"Las instalaciones de ALVR ofrecen a los clientes las comodidades que no pueden ofrecer los hospitales. Nuestras instalaciones ofrecen habitaciones limpias y modernas en un entorno relajante. Los pacientes pueden recuperarse en su propio domicilio inmediatamente despu\u00e9s de la intervenci\u00f3n. Ll\u00e1menos y programe su cirug\u00eda de rejuvenecimiento vaginal o labioplastia al (512) 973-8276.\",\"breadcrumb\":{\"@id\":\"https:\/\/austinlabiaplasty.com\/es\/nuestras-instalaciones\/#breadcrumb\"},\"inLanguage\":\"es\",\"potentialAction\":[{\"@type\":\"ReadAction\",\"target\":[\"https:\/\/austinlabiaplasty.com\/es\/nuestras-instalaciones\/\"]}]},{\"@type\":\"BreadcrumbList\",\"@id\":\"https:\/\/austinlabiaplasty.com\/es\/nuestras-instalaciones\/#breadcrumb\",\"itemListElement\":[{\"@type\":\"ListItem\",\"position\":1,\"name\":\"Home\",\"item\":\"https:\/\/austinlabiaplasty.com\/es\/home-2\/\"},{\"@type\":\"ListItem\",\"position\":2,\"name\":\"Nuestras instalaciones\"}]},{\"@type\":\"WebSite\",\"@id\":\"https:\/\/austinlabiaplasty.com\/es\/#website\",\"url\":\"https:\/\/austinlabiaplasty.com\/es\/\",\"name\":\"Austin Labiaplasty &amp; Vaginal Rejuvenation\",\"description\":\"\",\"publisher\":{\"@id\":\"https:\/\/austinlabiaplasty.com\/es\/#organization\"},\"alternateName\":\"ALVR\",\"potentialAction\":[{\"@type\":\"SearchAction\",\"target\":{\"@type\":\"EntryPoint\",\"urlTemplate\":\"https:\/\/austinlabiaplasty.com\/es\/?s={search_term_string}\"},\"query-input\":{\"@type\":\"PropertyValueSpecification\",\"valueRequired\":true,\"valueName\":\"search_term_string\"}}],\"inLanguage\":\"es\"},{\"@type\":\"Organization\",\"@id\":\"https:\/\/austinlabiaplasty.com\/es\/#organization\",\"name\":\"Austin Labiaplasty and Vaginal Rejuvenat\",\"alternateName\":\"ALVR\",\"url\":\"https:\/\/austinlabiaplasty.com\/es\/\",\"logo\":{\"@type\":\"ImageObject\",\"inLanguage\":\"es\",\"@id\":\"https:\/\/austinlabiaplasty.com\/es\/#\/schema\/logo\/image\/\",\"url\":\"https:\/\/austinlabiaplasty.com\/wp-content\/uploads\/2025\/03\/Horiz-Tangerine.svg\",\"contentUrl\":\"https:\/\/austinlabiaplasty.com\/wp-content\/uploads\/2025\/03\/Horiz-Tangerine.svg\",\"width\":\"1024\",\"height\":\"1024\",\"caption\":\"Austin Labiaplasty and Vaginal Rejuvenat\"},\"image\":{\"@id\":\"https:\/\/austinlabiaplasty.com\/es\/#\/schema\/logo\/image\/\"},\"sameAs\":[\"https:\/\/www.facebook.com\/ALVRATX\/\",\"https:\/\/x.com\/a_urogynecology\",\"https:\/\/www.instagram.com\/Labiaplasty_atx\/\"]}]}<\/script>\n<!-- \/ Yoast SEO plugin. -->","yoast_head_json":{"title":"Nuestras instalaciones","description":"Las instalaciones de ALVR ofrecen a los clientes las comodidades que no pueden ofrecer los hospitales. Nuestras instalaciones ofrecen habitaciones limpias y modernas en un entorno relajante. Los pacientes pueden recuperarse en su propio domicilio inmediatamente despu\u00e9s de la intervenci\u00f3n. Ll\u00e1menos y programe su cirug\u00eda de rejuvenecimiento vaginal o labioplastia al (512) 973-8276.","robots":{"index":"index","follow":"follow","max-snippet":"max-snippet:-1","max-image-preview":"max-image-preview:large","max-video-preview":"max-video-preview:-1"},"canonical":"https:\/\/austinlabiaplasty.com\/es\/nuestras-instalaciones\/","og_locale":"es_ES","og_type":"article","og_title":"Nuestras instalaciones","og_description":"Las instalaciones de ALVR ofrecen a los clientes las comodidades que no pueden ofrecer los hospitales. Nuestras instalaciones ofrecen habitaciones limpias y modernas en un entorno relajante. Los pacientes pueden recuperarse en su propio domicilio inmediatamente despu\u00e9s de la intervenci\u00f3n. Ll\u00e1menos y programe su cirug\u00eda de rejuvenecimiento vaginal o labioplastia al (512) 973-8276.","og_url":"https:\/\/austinlabiaplasty.com\/es\/nuestras-instalaciones\/","og_site_name":"Austin Labiaplasty &amp; Vaginal Rejuvenation","article_publisher":"https:\/\/www.facebook.com\/ALVRATX\/","article_modified_time":"2025-11-25T13:23:02+00:00","og_image":[{"width":500,"height":300,"url":"https:\/\/austinlabiaplasty.com\/wp-content\/uploads\/2025\/03\/share.jpg","type":"image\/jpeg"}],"twitter_card":"summary_large_image","twitter_site":"@a_urogynecology","schema":{"@context":"https:\/\/schema.org","@graph":[{"@type":"WebPage","@id":"https:\/\/austinlabiaplasty.com\/es\/nuestras-instalaciones\/","url":"https:\/\/austinlabiaplasty.com\/es\/nuestras-instalaciones\/","name":"Nuestras instalaciones","isPartOf":{"@id":"https:\/\/austinlabiaplasty.com\/es\/#website"},"datePublished":"2017-07-06T20:13:48+00:00","dateModified":"2025-11-25T13:23:02+00:00","description":"Las instalaciones de ALVR ofrecen a los clientes las comodidades que no pueden ofrecer los hospitales. Nuestras instalaciones ofrecen habitaciones limpias y modernas en un entorno relajante. Los pacientes pueden recuperarse en su propio domicilio inmediatamente despu\u00e9s de la intervenci\u00f3n. Ll\u00e1menos y programe su cirug\u00eda de rejuvenecimiento vaginal o labioplastia al (512) 973-8276.","breadcrumb":{"@id":"https:\/\/austinlabiaplasty.com\/es\/nuestras-instalaciones\/#breadcrumb"},"inLanguage":"es","potentialAction":[{"@type":"ReadAction","target":["https:\/\/austinlabiaplasty.com\/es\/nuestras-instalaciones\/"]}]},{"@type":"BreadcrumbList","@id":"https:\/\/austinlabiaplasty.com\/es\/nuestras-instalaciones\/#breadcrumb","itemListElement":[{"@type":"ListItem","position":1,"name":"Home","item":"https:\/\/austinlabiaplasty.com\/es\/home-2\/"},{"@type":"ListItem","position":2,"name":"Nuestras instalaciones"}]},{"@type":"WebSite","@id":"https:\/\/austinlabiaplasty.com\/es\/#website","url":"https:\/\/austinlabiaplasty.com\/es\/","name":"Austin Labiaplasty &amp; Vaginal Rejuvenation","description":"","publisher":{"@id":"https:\/\/austinlabiaplasty.com\/es\/#organization"},"alternateName":"ALVR","potentialAction":[{"@type":"SearchAction","target":{"@type":"EntryPoint","urlTemplate":"https:\/\/austinlabiaplasty.com\/es\/?s={search_term_string}"},"query-input":{"@type":"PropertyValueSpecification","valueRequired":true,"valueName":"search_term_string"}}],"inLanguage":"es"},{"@type":"Organization","@id":"https:\/\/austinlabiaplasty.com\/es\/#organization","name":"Austin Labiaplasty and Vaginal Rejuvenat","alternateName":"ALVR","url":"https:\/\/austinlabiaplasty.com\/es\/","logo":{"@type":"ImageObject","inLanguage":"es","@id":"https:\/\/austinlabiaplasty.com\/es\/#\/schema\/logo\/image\/","url":"https:\/\/austinlabiaplasty.com\/wp-content\/uploads\/2025\/03\/Horiz-Tangerine.svg","contentUrl":"https:\/\/austinlabiaplasty.com\/wp-content\/uploads\/2025\/03\/Horiz-Tangerine.svg","width":"1024","height":"1024","caption":"Austin Labiaplasty and Vaginal Rejuvenat"},"image":{"@id":"https:\/\/austinlabiaplasty.com\/es\/#\/schema\/logo\/image\/"},"sameAs":["https:\/\/www.facebook.com\/ALVRATX\/","https:\/\/x.com\/a_urogynecology","https:\/\/www.instagram.com\/Labiaplasty_atx\/"]}]}},"_links":{"self":[{"href":"https:\/\/austinlabiaplasty.com\/es\/wp-json\/wp\/v2\/pages\/9983","targetHints":{"allow":["GET"]}}],"collection":[{"href":"https:\/\/austinlabiaplasty.com\/es\/wp-json\/wp\/v2\/pages"}],"about":[{"href":"https:\/\/austinlabiaplasty.com\/es\/wp-json\/wp\/v2\/types\/page"}],"author":[{"embeddable":true,"href":"https:\/\/austinlabiaplasty.com\/es\/wp-json\/wp\/v2\/users\/1"}],"replies":[{"embeddable":true,"href":"https:\/\/austinlabiaplasty.com\/es\/wp-json\/wp\/v2\/comments?post=9983"}],"version-history":[{"count":0,"href":"https:\/\/austinlabiaplasty.com\/es\/wp-json\/wp\/v2\/pages\/9983\/revisions"}],"wp:attachment":[{"href":"https:\/\/austinlabiaplasty.com\/es\/wp-json\/wp\/v2\/media?parent=9983"}],"curies":[{"name":"wp","href":"https:\/\/api.w.org\/{rel}","templated":true}]}}